{"id":1721,"date":"2024-04-08T12:24:34","date_gmt":"2024-04-08T04:24:34","guid":{"rendered":"http:\/\/www.ytchihong.com\/?post_type=product&#038;p=1721"},"modified":"2025-05-23T11:18:29","modified_gmt":"2025-05-23T03:18:29","slug":"chwj-34-cubic-yardscooptram-4","status":"publish","type":"product","link":"https:\/\/www.ytchihong.com\/es\/product\/chwj-34-cubic-yardscooptram-4\/","title":{"rendered":"CHWJ-1H"},"content":{"rendered":"","protected":false},"excerpt":{"rendered":"<section id=\"main\">\n<div class=\"single-con container\">\n<div class=\"row\">\n<div class=\"con1\">\n<div class=\"cp-info col-md-7\">\n<div class=\"cp-des\">\n<section id=\"main\">\n<div class=\"single-con container\">\n<div class=\"row\">\n<div class=\"con1\">\n<div class=\"cp-info col-md-7\">\n<div class=\"cp-des\">\n<p>El WJ-1H con potente convertidor de transmisi\u00f3n y torque, que est\u00e1 lleno de caracter\u00edsticas para ayudar a las minas a maximizar las toneladas y minimizar los costos de extracci\u00f3n. Se ha dise\u00f1ado para optimizar el ancho de la m\u00e1quina, la longitud y el radio de giro, lo que permite la operaci\u00f3n con t\u00fanel de venas estrechas.<\/p>\n<\/div>\n<\/div>\n<\/div>\n<\/div>\n<\/div>\n<\/section>\n<\/div>\n<\/div>\n<\/div>\n<\/div>\n<\/div>\n<\/section>","protected":false},"featured_media":2820,"comment_status":"open","ping_status":"closed","template":"","meta":{"_acf_changed":false},"product_brand":[],"product_cat":[28],"product_tag":[],"class_list":{"0":"post-1721","1":"product","2":"type-product","3":"status-publish","4":"has-post-thumbnail","6":"product_cat-underground-scooptram","8":"first","9":"instock","10":"shipping-taxable","11":"product-type-simple"},"acf":[],"_links":{"self":[{"href":"https:\/\/www.ytchihong.com\/es\/wp-json\/wp\/v2\/product\/1721","targetHints":{"allow":["GET"]}}],"collection":[{"href":"https:\/\/www.ytchihong.com\/es\/wp-json\/wp\/v2\/product"}],"about":[{"href":"https:\/\/www.ytchihong.com\/es\/wp-json\/wp\/v2\/types\/product"}],"replies":[{"embeddable":true,"href":"https:\/\/www.ytchihong.com\/es\/wp-json\/wp\/v2\/comments?post=1721"}],"wp:featuredmedia":[{"embeddable":true,"href":"https:\/\/www.ytchihong.com\/es\/wp-json\/wp\/v2\/media\/2820"}],"wp:attachment":[{"href":"https:\/\/www.ytchihong.com\/es\/wp-json\/wp\/v2\/media?parent=1721"}],"wp:term":[{"taxonomy":"product_brand","embeddable":true,"href":"https:\/\/www.ytchihong.com\/es\/wp-json\/wp\/v2\/product_brand?post=1721"},{"taxonomy":"product_cat","embeddable":true,"href":"https:\/\/www.ytchihong.com\/es\/wp-json\/wp\/v2\/product_cat?post=1721"},{"taxonomy":"product_tag","embeddable":true,"href":"https:\/\/www.ytchihong.com\/es\/wp-json\/wp\/v2\/product_tag?post=1721"}],"curies":[{"name":"wp","href":"https:\/\/api.w.org\/{rel}","templated":true}]}}