{"id":1724,"date":"2024-04-08T13:36:36","date_gmt":"2024-04-08T05:36:36","guid":{"rendered":"http:\/\/www.ytchihong.com\/?post_type=product&#038;p=1724"},"modified":"2024-07-05T16:11:17","modified_gmt":"2024-07-05T08:11:17","slug":"chwj-34-cubic-yardscooptram-6","status":"publish","type":"product","link":"https:\/\/www.ytchihong.com\/es\/product\/chwj-34-cubic-yardscooptram-6\/","title":{"rendered":"SCOOPTRAM CHWJ-2 (2,5 yardas c\u00fabicas)"},"content":{"rendered":"","protected":false},"excerpt":{"rendered":"<section id=\"main\">\n<div class=\"single-con container\">\n<div class=\"row\">\n<div class=\"con1\">\n<div class=\"cp-info col-md-7\">\n<div class=\"cp-des\">\n<section id=\"main\">\n<div class=\"single-con container\">\n<div class=\"row\">\n<div class=\"con1\">\n<div class=\"cp-info col-md-7\">\n<div class=\"cp-des\">\n<p>El WJ-2 de Yantai Chi Hong Machinery Co., Ltd. es un cargador de veta estrecha compacto y ligero, dise\u00f1ado para miner\u00eda subterr\u00e1nea. Cuenta con una capacidad de transporte de 4 toneladas m\u00e9tricas y una excelente relaci\u00f3n carga \u00fatil\/peso propio.<\/p>\n<\/div>\n<\/div>\n<\/div>\n<\/div>\n<\/div>\n<\/section>\n<\/div>\n<\/div>\n<\/div>\n<\/div>\n<\/div>\n<\/section>","protected":false},"featured_media":2813,"comment_status":"open","ping_status":"closed","template":"","meta":{"_acf_changed":false},"product_brand":[],"product_cat":[28],"product_tag":[],"class_list":{"0":"post-1724","1":"product","2":"type-product","3":"status-publish","4":"has-post-thumbnail","6":"product_cat-underground-scooptram","8":"first","9":"instock","10":"shipping-taxable","11":"product-type-simple"},"acf":[],"_links":{"self":[{"href":"https:\/\/www.ytchihong.com\/es\/wp-json\/wp\/v2\/product\/1724","targetHints":{"allow":["GET"]}}],"collection":[{"href":"https:\/\/www.ytchihong.com\/es\/wp-json\/wp\/v2\/product"}],"about":[{"href":"https:\/\/www.ytchihong.com\/es\/wp-json\/wp\/v2\/types\/product"}],"replies":[{"embeddable":true,"href":"https:\/\/www.ytchihong.com\/es\/wp-json\/wp\/v2\/comments?post=1724"}],"wp:featuredmedia":[{"embeddable":true,"href":"https:\/\/www.ytchihong.com\/es\/wp-json\/wp\/v2\/media\/2813"}],"wp:attachment":[{"href":"https:\/\/www.ytchihong.com\/es\/wp-json\/wp\/v2\/media?parent=1724"}],"wp:term":[{"taxonomy":"product_brand","embeddable":true,"href":"https:\/\/www.ytchihong.com\/es\/wp-json\/wp\/v2\/product_brand?post=1724"},{"taxonomy":"product_cat","embeddable":true,"href":"https:\/\/www.ytchihong.com\/es\/wp-json\/wp\/v2\/product_cat?post=1724"},{"taxonomy":"product_tag","embeddable":true,"href":"https:\/\/www.ytchihong.com\/es\/wp-json\/wp\/v2\/product_tag?post=1724"}],"curies":[{"name":"wp","href":"https:\/\/api.w.org\/{rel}","templated":true}]}}