{"id":3687,"date":"2025-03-20T11:13:22","date_gmt":"2025-03-20T03:13:22","guid":{"rendered":"https:\/\/www.ytchihong.com\/?post_type=product&#038;p=3687"},"modified":"2025-03-20T11:38:47","modified_gmt":"2025-03-20T03:38:47","slug":"cytj45-2-hydraulic-drilling-jumbo","status":"publish","type":"product","link":"https:\/\/www.ytchihong.com\/es\/product\/cytj45-2-hydraulic-drilling-jumbo\/","title":{"rendered":"Perforadora hidr\u00e1ulica jumbo CYTJ45\/2"},"content":{"rendered":"","protected":false},"excerpt":{"rendered":"<p>El jumbo de perforaci\u00f3n hidr\u00e1ulica de doble brazo CYTJ45\/2 se utiliza principalmente en la construcci\u00f3n de t\u00faneles en minas de metal. Est\u00e1 dise\u00f1ado con un avanzado sistema de perforaci\u00f3n hidr\u00e1ulica y un dispositivo antiatasco, y ofrece perforaci\u00f3n r\u00e1pida y alta eficiencia. Su estructura compacta y su excelente movilidad mejoran considerablemente el entorno de trabajo, la eficiencia de la construcci\u00f3n y la calidad. Su dise\u00f1o superior facilita el control de la perforaci\u00f3n de pozos laterales.<\/p>","protected":false},"featured_media":3688,"comment_status":"open","ping_status":"closed","template":"","meta":{"_acf_changed":false},"product_brand":[],"product_cat":[29],"product_tag":[],"class_list":{"0":"post-3687","1":"product","2":"type-product","3":"status-publish","4":"has-post-thumbnail","6":"product_cat-underground-drill-jumbo","8":"first","9":"instock","10":"shipping-taxable","11":"product-type-simple"},"acf":[],"_links":{"self":[{"href":"https:\/\/www.ytchihong.com\/es\/wp-json\/wp\/v2\/product\/3687","targetHints":{"allow":["GET"]}}],"collection":[{"href":"https:\/\/www.ytchihong.com\/es\/wp-json\/wp\/v2\/product"}],"about":[{"href":"https:\/\/www.ytchihong.com\/es\/wp-json\/wp\/v2\/types\/product"}],"replies":[{"embeddable":true,"href":"https:\/\/www.ytchihong.com\/es\/wp-json\/wp\/v2\/comments?post=3687"}],"wp:featuredmedia":[{"embeddable":true,"href":"https:\/\/www.ytchihong.com\/es\/wp-json\/wp\/v2\/media\/3688"}],"wp:attachment":[{"href":"https:\/\/www.ytchihong.com\/es\/wp-json\/wp\/v2\/media?parent=3687"}],"wp:term":[{"taxonomy":"product_brand","embeddable":true,"href":"https:\/\/www.ytchihong.com\/es\/wp-json\/wp\/v2\/product_brand?post=3687"},{"taxonomy":"product_cat","embeddable":true,"href":"https:\/\/www.ytchihong.com\/es\/wp-json\/wp\/v2\/product_cat?post=3687"},{"taxonomy":"product_tag","embeddable":true,"href":"https:\/\/www.ytchihong.com\/es\/wp-json\/wp\/v2\/product_tag?post=3687"}],"curies":[{"name":"wp","href":"https:\/\/api.w.org\/{rel}","templated":true}]}}