{"id":749,"date":"2024-03-21T18:44:42","date_gmt":"2024-03-21T10:44:42","guid":{"rendered":"http:\/\/www.ytchihong.com\/?post_type=product&#038;p=749"},"modified":"2024-11-26T14:06:54","modified_gmt":"2024-11-26T06:06:54","slug":"chwj-1-52-cubic-yardscooptram","status":"publish","type":"product","link":"https:\/\/www.ytchihong.com\/es\/product\/chwj-1-52-cubic-yardscooptram\/","title":{"rendered":"CAMI\u00d3N MINA CHUK-20"},"content":{"rendered":"","protected":false},"excerpt":{"rendered":"<section id=\"main\">\n<div class=\"single-con container\">\n<div class=\"row\">\n<div class=\"con1\">\n<div class=\"cp-info col-md-7\">\n<div class=\"cp-des\">\n<section id=\"main\">\n<div class=\"single-con container\">\n<div class=\"row\">\n<div class=\"con1\">\n<div class=\"cp-info col-md-7\">\n<div class=\"cp-des\">\n<p>UK-20 es un cami\u00f3n minero con una capacidad de carga \u00fatil de 20 toneladas m\u00e9tricas dise\u00f1adas para peque\u00f1as y medianas minas de roca dura. A pesar de la capacidad de carga \u00fatil relativamente alta, este cami\u00f3n subterr\u00e1neo tiene el mismo ancho general que la mayor\u00eda de los camiones de 15 toneladas en el mercado. Todos los camiones mineros subterr\u00e1neos Yantai Chi Chi Hong Co., Ltd. Ltd. est\u00e1n dise\u00f1ados para operar completamente cargados y a altas velocidades en largas v\u00edas espirales con hasta 20% de gradientes.<\/p>\n<\/div>\n<\/div>\n<\/div>\n<\/div>\n<\/div>\n<\/section>\n<\/div>\n<\/div>\n<\/div>\n<\/div>\n<\/div>\n<\/section>","protected":false},"featured_media":3350,"comment_status":"open","ping_status":"closed","template":"","meta":{"_acf_changed":false},"product_brand":[],"product_cat":[15],"product_tag":[],"class_list":{"0":"post-749","1":"product","2":"type-product","3":"status-publish","4":"has-post-thumbnail","6":"product_cat-underground-mine-truck","8":"first","9":"instock","10":"shipping-taxable","11":"product-type-simple"},"acf":[],"_links":{"self":[{"href":"https:\/\/www.ytchihong.com\/es\/wp-json\/wp\/v2\/product\/749","targetHints":{"allow":["GET"]}}],"collection":[{"href":"https:\/\/www.ytchihong.com\/es\/wp-json\/wp\/v2\/product"}],"about":[{"href":"https:\/\/www.ytchihong.com\/es\/wp-json\/wp\/v2\/types\/product"}],"replies":[{"embeddable":true,"href":"https:\/\/www.ytchihong.com\/es\/wp-json\/wp\/v2\/comments?post=749"}],"wp:featuredmedia":[{"embeddable":true,"href":"https:\/\/www.ytchihong.com\/es\/wp-json\/wp\/v2\/media\/3350"}],"wp:attachment":[{"href":"https:\/\/www.ytchihong.com\/es\/wp-json\/wp\/v2\/media?parent=749"}],"wp:term":[{"taxonomy":"product_brand","embeddable":true,"href":"https:\/\/www.ytchihong.com\/es\/wp-json\/wp\/v2\/product_brand?post=749"},{"taxonomy":"product_cat","embeddable":true,"href":"https:\/\/www.ytchihong.com\/es\/wp-json\/wp\/v2\/product_cat?post=749"},{"taxonomy":"product_tag","embeddable":true,"href":"https:\/\/www.ytchihong.com\/es\/wp-json\/wp\/v2\/product_tag?post=749"}],"curies":[{"name":"wp","href":"https:\/\/api.w.org\/{rel}","templated":true}]}}